{"id":7959,"date":"2026-04-19T19:46:28","date_gmt":"2026-04-19T18:46:28","guid":{"rendered":"https:\/\/tumideoro.ch\/?post_type=product&#038;p=7959"},"modified":"2026-04-19T19:46:28","modified_gmt":"2026-04-19T18:46:28","slug":"maracuya","status":"publish","type":"product","link":"https:\/\/tumideoro.ch\/fr\/produit\/maracuya\/","title":{"rendered":"Maracuy\u00e1"},"content":{"rendered":"<p>Tambi\u00e9n conocida como la fruta de la pasi\u00f3n, es el fruto de la planta trepadora Pasionaria. Esta fruta es proveniente de Am\u00e9rica, en Per\u00fa, esta proviene de la Amazon\u00eda. Su sabor y aroma es envolvente, su sabor \u00e1cido refrescante es ideal para los refrescos y postres. Por otro lado, su valor nutricional es alt\u00edsimo y se recomienda su consumo regular.<\/p>","protected":false},"excerpt":{"rendered":"<p>Su sabor y aroma es envolvente, su sabor \u00e1cido refrescante es ideal para los refrescos y postres.<\/p>","protected":false},"featured_media":7663,"comment_status":"open","ping_status":"closed","template":"","meta":[],"product_brand":[],"product_cat":[283],"product_tag":[347,346,348,349],"class_list":{"0":"post-7959","1":"product","2":"type-product","3":"status-publish","4":"has-post-thumbnail","6":"product_cat-prodcutos-frescos","7":"product_tag-cheeskake-de-maracuya","8":"product_tag-maracuya","9":"product_tag-maracuya-souer","10":"product_tag-tarta-de-maracuya","12":"first","13":"instock","14":"taxable","15":"shipping-taxable","16":"product-type-simple"},"jetpack_sharing_enabled":true,"_links":{"self":[{"href":"https:\/\/tumideoro.ch\/fr\/wp-json\/wp\/v2\/product\/7959","targetHints":{"allow":["GET"]}}],"collection":[{"href":"https:\/\/tumideoro.ch\/fr\/wp-json\/wp\/v2\/product"}],"about":[{"href":"https:\/\/tumideoro.ch\/fr\/wp-json\/wp\/v2\/types\/product"}],"replies":[{"embeddable":true,"href":"https:\/\/tumideoro.ch\/fr\/wp-json\/wp\/v2\/comments?post=7959"}],"version-history":[{"count":1,"href":"https:\/\/tumideoro.ch\/fr\/wp-json\/wp\/v2\/product\/7959\/revisions"}],"predecessor-version":[{"id":7960,"href":"https:\/\/tumideoro.ch\/fr\/wp-json\/wp\/v2\/product\/7959\/revisions\/7960"}],"wp:featuredmedia":[{"embeddable":true,"href":"https:\/\/tumideoro.ch\/fr\/wp-json\/wp\/v2\/media\/7663"}],"wp:attachment":[{"href":"https:\/\/tumideoro.ch\/fr\/wp-json\/wp\/v2\/media?parent=7959"}],"wp:term":[{"taxonomy":"product_brand","embeddable":true,"href":"https:\/\/tumideoro.ch\/fr\/wp-json\/wp\/v2\/product_brand?post=7959"},{"taxonomy":"product_cat","embeddable":true,"href":"https:\/\/tumideoro.ch\/fr\/wp-json\/wp\/v2\/product_cat?post=7959"},{"taxonomy":"product_tag","embeddable":true,"href":"https:\/\/tumideoro.ch\/fr\/wp-json\/wp\/v2\/product_tag?post=7959"}],"curies":[{"name":"wp","href":"https:\/\/api.w.org\/{rel}","templated":true}]}}