{"id":7957,"date":"2026-04-19T19:43:18","date_gmt":"2026-04-19T18:43:18","guid":{"rendered":"https:\/\/tumideoro.ch\/?post_type=product&#038;p=7957"},"modified":"2026-04-19T19:43:18","modified_gmt":"2026-04-19T18:43:18","slug":"tumbo","status":"publish","type":"product","link":"https:\/\/tumideoro.ch\/fr\/produit\/tumbo\/","title":{"rendered":"Tumbo"},"content":{"rendered":"<p>Esta fruta andina fue la predilecta de los wankas y de otras culturas de la sierra peruana, actualmente est\u00e1 en boca de todos por sus cualidades descubiertas en estos \u00faltimos a\u00f1os, ya que contiene serotonina, puede ayudar con la depresi\u00f3n y el insomnio, adem\u00e1s ayuda a sintetizar el col\u00e1geno.<\/p>","protected":false},"excerpt":{"rendered":"<p>Actualmente est\u00e1 en boca de todos por sus cualidades descubiertas en estos \u00faltimos a\u00f1os, ya que contiene serotonina, puede ayudar con la depresi\u00f3n y el insomnio, adem\u00e1s ayuda a sintetizar el col\u00e1geno.<\/p>","protected":false},"featured_media":6687,"comment_status":"open","ping_status":"closed","template":"","meta":[],"product_brand":[],"product_cat":[283],"product_tag":[344,345,343],"class_list":{"0":"post-7957","1":"product","2":"type-product","3":"status-publish","4":"has-post-thumbnail","6":"product_cat-prodcutos-frescos","7":"product_tag-imsonio","8":"product_tag-problemas-para-dormir","9":"product_tag-tumbo","11":"first","12":"instock","13":"taxable","14":"shipping-taxable","15":"product-type-simple"},"jetpack_sharing_enabled":true,"_links":{"self":[{"href":"https:\/\/tumideoro.ch\/fr\/wp-json\/wp\/v2\/product\/7957","targetHints":{"allow":["GET"]}}],"collection":[{"href":"https:\/\/tumideoro.ch\/fr\/wp-json\/wp\/v2\/product"}],"about":[{"href":"https:\/\/tumideoro.ch\/fr\/wp-json\/wp\/v2\/types\/product"}],"replies":[{"embeddable":true,"href":"https:\/\/tumideoro.ch\/fr\/wp-json\/wp\/v2\/comments?post=7957"}],"version-history":[{"count":1,"href":"https:\/\/tumideoro.ch\/fr\/wp-json\/wp\/v2\/product\/7957\/revisions"}],"predecessor-version":[{"id":7958,"href":"https:\/\/tumideoro.ch\/fr\/wp-json\/wp\/v2\/product\/7957\/revisions\/7958"}],"wp:featuredmedia":[{"embeddable":true,"href":"https:\/\/tumideoro.ch\/fr\/wp-json\/wp\/v2\/media\/6687"}],"wp:attachment":[{"href":"https:\/\/tumideoro.ch\/fr\/wp-json\/wp\/v2\/media?parent=7957"}],"wp:term":[{"taxonomy":"product_brand","embeddable":true,"href":"https:\/\/tumideoro.ch\/fr\/wp-json\/wp\/v2\/product_brand?post=7957"},{"taxonomy":"product_cat","embeddable":true,"href":"https:\/\/tumideoro.ch\/fr\/wp-json\/wp\/v2\/product_cat?post=7957"},{"taxonomy":"product_tag","embeddable":true,"href":"https:\/\/tumideoro.ch\/fr\/wp-json\/wp\/v2\/product_tag?post=7957"}],"curies":[{"name":"wp","href":"https:\/\/api.w.org\/{rel}","templated":true}]}}