{"id":7953,"date":"2026-04-19T19:28:44","date_gmt":"2026-04-19T18:28:44","guid":{"rendered":"https:\/\/tumideoro.ch\/?post_type=product&#038;p=7953"},"modified":"2026-04-19T19:28:45","modified_gmt":"2026-04-19T18:28:45","slug":"lucuma","status":"publish","type":"product","link":"https:\/\/tumideoro.ch\/fr\/produit\/lucuma\/","title":{"rendered":"L\u00facuma"},"content":{"rendered":"<p>Originario de los valles andinos del Per\u00fa, la l\u00facuma tiene un sabor que no puede faltar en tus helados, jugos, dulces y postres. Es sorprendente saber los beneficios que aporta esta fruta a nuestro cuerpo, puesto que es un antioxidante y energizante natural. Puedes encontrarlo en su forma fresca o como pulpa de l\u00facuma.<\/p>","protected":false},"excerpt":{"rendered":"<p>Originario de los valles andinos del Per\u00fa, la l\u00facuma tiene un sabor que no puede faltar en tus helados, jugos, dulces y postres. Es sorprendente saber los beneficios que aporta esta fruta a nuestro cuerpo, puesto que es un antioxidante y energizante natural. Puedes encontrarlo en su forma fresca o como pulpa de l\u00facuma.<\/p>","protected":false},"featured_media":7662,"comment_status":"open","ping_status":"closed","template":"","meta":[],"product_brand":[],"product_cat":[283],"product_tag":[339,336,337,335,338],"class_list":{"0":"post-7953","1":"product","2":"type-product","3":"status-publish","4":"has-post-thumbnail","6":"product_cat-prodcutos-frescos","7":"product_tag-chups-de-lucuma","8":"product_tag-delicia-de-lucuma","9":"product_tag-helado-de-lucuma","10":"product_tag-lucuma","11":"product_tag-marcianos-de-lucuma","13":"first","14":"instock","15":"taxable","16":"shipping-taxable","17":"product-type-simple"},"jetpack_sharing_enabled":true,"_links":{"self":[{"href":"https:\/\/tumideoro.ch\/fr\/wp-json\/wp\/v2\/product\/7953","targetHints":{"allow":["GET"]}}],"collection":[{"href":"https:\/\/tumideoro.ch\/fr\/wp-json\/wp\/v2\/product"}],"about":[{"href":"https:\/\/tumideoro.ch\/fr\/wp-json\/wp\/v2\/types\/product"}],"replies":[{"embeddable":true,"href":"https:\/\/tumideoro.ch\/fr\/wp-json\/wp\/v2\/comments?post=7953"}],"version-history":[{"count":1,"href":"https:\/\/tumideoro.ch\/fr\/wp-json\/wp\/v2\/product\/7953\/revisions"}],"predecessor-version":[{"id":7954,"href":"https:\/\/tumideoro.ch\/fr\/wp-json\/wp\/v2\/product\/7953\/revisions\/7954"}],"wp:featuredmedia":[{"embeddable":true,"href":"https:\/\/tumideoro.ch\/fr\/wp-json\/wp\/v2\/media\/7662"}],"wp:attachment":[{"href":"https:\/\/tumideoro.ch\/fr\/wp-json\/wp\/v2\/media?parent=7953"}],"wp:term":[{"taxonomy":"product_brand","embeddable":true,"href":"https:\/\/tumideoro.ch\/fr\/wp-json\/wp\/v2\/product_brand?post=7953"},{"taxonomy":"product_cat","embeddable":true,"href":"https:\/\/tumideoro.ch\/fr\/wp-json\/wp\/v2\/product_cat?post=7953"},{"taxonomy":"product_tag","embeddable":true,"href":"https:\/\/tumideoro.ch\/fr\/wp-json\/wp\/v2\/product_tag?post=7953"}],"curies":[{"name":"wp","href":"https:\/\/api.w.org\/{rel}","templated":true}]}}