{"id":7829,"date":"2025-06-11T18:26:47","date_gmt":"2025-06-11T17:26:47","guid":{"rendered":"https:\/\/tumideoro.ch\/?post_type=product&#038;p=7829"},"modified":"2026-04-15T12:39:49","modified_gmt":"2026-04-15T11:39:49","slug":"huacatay","status":"publish","type":"product","link":"https:\/\/tumideoro.ch\/fr\/produit\/huacatay\/","title":{"rendered":"Huacatay"},"content":{"rendered":"<div data-elementor-type=\"product-post\" data-elementor-id=\"7829\" class=\"elementor elementor-7829\" data-elementor-post-type=\"product\">\n\t\t\t\t\t\t<section class=\"elementor-section elementor-top-section elementor-element elementor-element-659aa43 elementor-section-height-min-height elementor-section-boxed elementor-section-height-default elementor-section-items-middle\" data-id=\"659aa43\" data-element_type=\"section\" data-e-type=\"section\">\n\t\t\t\t\t\t<div class=\"elementor-container elementor-column-gap-default\">\n\t\t\t\t\t<div class=\"elementor-column elementor-col-50 elementor-top-column elementor-element elementor-element-95e63b6\" data-id=\"95e63b6\" data-element_type=\"column\" data-e-type=\"column\">\n\t\t\t<div class=\"elementor-widget-wrap elementor-element-populated\">\n\t\t\t\t\t\t<div class=\"elementor-element elementor-element-c54f9e2 yes elementor-widget elementor-widget-woocommerce-product-images\" data-id=\"c54f9e2\" data-element_type=\"widget\" data-e-type=\"widget\" data-widget_type=\"woocommerce-product-images.default\">\n\t\t\t\t\t<div class=\"woocommerce-product-gallery woocommerce-product-gallery--with-images woocommerce-product-gallery--columns-4 images\" data-columns=\"4\" style=\"opacity: 0; transition: opacity .25s ease-in-out;\">\n\t<div class=\"woocommerce-product-gallery__wrapper\">\n\t\t<div data-thumb=\"https:\/\/tumideoro.ch\/wp-content\/uploads\/2025\/05\/Huacatay1-250x285.png\" data-thumb-alt=\"Huacatay\" data-thumb-srcset=\"\"  data-thumb-sizes=\"(max-width: 250px) 100vw, 250px\" class=\"woocommerce-product-gallery__image\"><a href=\"https:\/\/tumideoro.ch\/wp-content\/uploads\/2025\/05\/Huacatay1.png\"><img fetchpriority=\"high\" decoding=\"async\" width=\"600\" height=\"600\" src=\"https:\/\/tumideoro.ch\/wp-content\/uploads\/2025\/05\/Huacatay1-600x600.png\" class=\"wp-post-image\" alt=\"Huacatay\" data-caption=\"\" data-src=\"https:\/\/tumideoro.ch\/wp-content\/uploads\/2025\/05\/Huacatay1.png\" data-large_image=\"https:\/\/tumideoro.ch\/wp-content\/uploads\/2025\/05\/Huacatay1.png\" data-large_image_width=\"640\" data-large_image_height=\"640\" srcset=\"https:\/\/tumideoro.ch\/wp-content\/uploads\/2025\/05\/Huacatay1-600x600.png 600w, https:\/\/tumideoro.ch\/wp-content\/uploads\/2025\/05\/Huacatay1-300x300.png 300w, https:\/\/tumideoro.ch\/wp-content\/uploads\/2025\/05\/Huacatay1-150x150.png 150w, https:\/\/tumideoro.ch\/wp-content\/uploads\/2025\/05\/Huacatay1-12x12.png 12w, https:\/\/tumideoro.ch\/wp-content\/uploads\/2025\/05\/Huacatay1.png 640w\" sizes=\"(max-width: 600px) 100vw, 600px\" \/><\/a><\/div><div data-thumb=\"https:\/\/tumideoro.ch\/wp-content\/uploads\/2023\/12\/pf-huacatay-250x285.jpg\" data-thumb-alt=\"Huacatay \u2013 Image 2\" data-thumb-srcset=\"\"  data-thumb-sizes=\"(max-width: 250px) 100vw, 250px\" class=\"woocommerce-product-gallery__image\" data-no-translation-data-thumb-alt=\"\"><a href=\"https:\/\/tumideoro.ch\/wp-content\/uploads\/2023\/12\/pf-huacatay.jpg\"><img decoding=\"async\" width=\"600\" height=\"450\" src=\"https:\/\/tumideoro.ch\/wp-content\/uploads\/2023\/12\/pf-huacatay-600x450.jpg\" class=\"\" alt=\"Huacatay \u2013 Image 2\" data-caption=\"\" data-src=\"https:\/\/tumideoro.ch\/wp-content\/uploads\/2023\/12\/pf-huacatay.jpg\" data-large_image=\"https:\/\/tumideoro.ch\/wp-content\/uploads\/2023\/12\/pf-huacatay.jpg\" data-large_image_width=\"800\" data-large_image_height=\"600\" srcset=\"https:\/\/tumideoro.ch\/wp-content\/uploads\/2023\/12\/pf-huacatay-600x450.jpg 600w, https:\/\/tumideoro.ch\/wp-content\/uploads\/2023\/12\/pf-huacatay-300x225.jpg 300w, https:\/\/tumideoro.ch\/wp-content\/uploads\/2023\/12\/pf-huacatay-768x576.jpg 768w, https:\/\/tumideoro.ch\/wp-content\/uploads\/2023\/12\/pf-huacatay.jpg 800w\" sizes=\"(max-width: 600px) 100vw, 600px\" data-no-translation-alt=\"\" \/><\/a><\/div>\t<\/div>\n<\/div>\n\t\t\t\t<\/div>\n\t\t\t\t\t<\/div>\n\t\t<\/div>\n\t\t\t\t<div class=\"elementor-column elementor-col-50 elementor-top-column elementor-element elementor-element-7ddee1c\" data-id=\"7ddee1c\" data-element_type=\"column\" data-e-type=\"column\">\n\t\t\t<div class=\"elementor-widget-wrap elementor-element-populated\">\n\t\t\t\t\t\t<div class=\"elementor-element elementor-element-6f527b1 elementor-widget elementor-widget-woocommerce-product-title elementor-page-title elementor-widget-heading\" data-id=\"6f527b1\" data-element_type=\"widget\" data-e-type=\"widget\" data-widget_type=\"woocommerce-product-title.default\">\n\t\t\t\t\t<h1 class=\"product_title entry-title elementor-heading-title elementor-size-default\">Huacatay<\/h1>\t\t\t\t<\/div>\n\t\t\t\t<div class=\"elementor-element elementor-element-41bec07 elementor-widget elementor-widget-woocommerce-product-short-description\" data-id=\"41bec07\" data-element_type=\"widget\" data-e-type=\"widget\" data-widget_type=\"woocommerce-product-short-description.default\">\n\t\t\t\t\t<div class=\"woocommerce-product-details__short-description\">\n\t<p>Es una hierba arom\u00e1tica, tambi\u00e9n conocida como Tagetes minuta, que tiene usos m\u00faltiples, elemental para realizar aj\u00edes o hacer salsas tipo pesto.<\/p>\n<\/div>\n\t\t\t\t<\/div>\n\t\t\t\t<div class=\"elementor-element elementor-element-4ce1a907 elementor-widget elementor-widget-text-editor\" data-id=\"4ce1a907\" data-element_type=\"widget\" data-e-type=\"widget\" data-widget_type=\"text-editor.default\">\n\t\t\t\t\t\t\t\t\t<p>Esta planta fue la base de condimentaci\u00f3n de la comida peruana antes del periodo de invasi\u00f3n espa\u00f1ola. Es una hierba arom\u00e1tica, tambi\u00e9n conocida como Tagetes minuta, que tiene usos m\u00faltiples, elemental para realizar aj\u00edes o hacer salsas tipo pesto. Tambi\u00e9n tiene usos medicinales, beneficiando el funcionamiento biliar combatiendo la\u00a0bronquitis.<\/p>\t\t\t\t\t\t\t\t<\/div>\n\t\t\t\t<div class=\"elementor-element elementor-element-9088524 elementor-widget elementor-widget-woocommerce-product-price\" data-id=\"9088524\" data-element_type=\"widget\" data-e-type=\"widget\" data-widget_type=\"woocommerce-product-price.default\">\n\t\t\t\t\t<p class=\"price\"><\/p>\n\t\t\t\t<\/div>\n\t\t\t\t<div class=\"elementor-element elementor-element-d6e517f e-add-to-cart--show-quantity-yes elementor-widget elementor-widget-woocommerce-product-add-to-cart\" data-id=\"d6e517f\" data-element_type=\"widget\" data-e-type=\"widget\" data-widget_type=\"woocommerce-product-add-to-cart.default\">\n\t\t\t\t\t\n\t\t<div class=\"elementor-add-to-cart elementor-product-simple\">\n\t\t\t\t\t<\/div>\n\n\t\t\t\t\t\t<\/div>\n\t\t\t\t\t<\/div>\n\t\t<\/div>\n\t\t\t\t\t<\/div>\n\t\t<\/section>\n\t\t\t\t<section class=\"elementor-section elementor-top-section elementor-element elementor-element-387d8462 elementor-section-boxed elementor-section-height-default elementor-section-height-default\" data-id=\"387d8462\" data-element_type=\"section\" data-e-type=\"section\">\n\t\t\t\t\t\t<div class=\"elementor-container elementor-column-gap-default\">\n\t\t\t\t\t<div class=\"elementor-column elementor-col-100 elementor-top-column elementor-element elementor-element-9bae384\" data-id=\"9bae384\" data-element_type=\"column\" data-e-type=\"column\">\n\t\t\t<div class=\"elementor-widget-wrap\">\n\t\t\t\t\t\t\t<\/div>\n\t\t<\/div>\n\t\t\t\t\t<\/div>\n\t\t<\/section>\n\t\t\t\t<\/div>","protected":false},"excerpt":{"rendered":"<p>Es una hierba arom\u00e1tica, tambi\u00e9n conocida como Tagetes minuta, que tiene usos m\u00faltiples, elemental para realizar aj\u00edes o hacer salsas tipo pesto.<\/p>","protected":false},"featured_media":7660,"comment_status":"open","ping_status":"closed","template":"","meta":[],"product_brand":[321],"product_cat":[283],"product_tag":[290,291,325,324,328,331,330,329,319,323,322,326,327,320],"class_list":{"0":"post-7829","1":"product","2":"type-product","3":"status-publish","4":"has-post-thumbnail","6":"product_brand-bio","7":"product_cat-prodcutos-frescos","8":"product_tag-aji-de-polleria","9":"product_tag-aji-huacatay","10":"product_tag-aji-polleria","11":"product_tag-aji-pollero","12":"product_tag-caja-china","13":"product_tag-chancho-a-la-caja-china","14":"product_tag-chancho-al-cilindro","15":"product_tag-cilindro","16":"product_tag-huacatay","17":"product_tag-ocopa","18":"product_tag-ocopa-arequipena","19":"product_tag-poelleria","20":"product_tag-pollo-a-la-brasa","21":"product_tag-pollo-al-huacatay","23":"first","24":"instock","25":"taxable","26":"shipping-taxable","27":"product-type-simple"},"jetpack_sharing_enabled":true,"_links":{"self":[{"href":"https:\/\/tumideoro.ch\/fr\/wp-json\/wp\/v2\/product\/7829","targetHints":{"allow":["GET"]}}],"collection":[{"href":"https:\/\/tumideoro.ch\/fr\/wp-json\/wp\/v2\/product"}],"about":[{"href":"https:\/\/tumideoro.ch\/fr\/wp-json\/wp\/v2\/types\/product"}],"replies":[{"embeddable":true,"href":"https:\/\/tumideoro.ch\/fr\/wp-json\/wp\/v2\/comments?post=7829"}],"version-history":[{"count":9,"href":"https:\/\/tumideoro.ch\/fr\/wp-json\/wp\/v2\/product\/7829\/revisions"}],"predecessor-version":[{"id":7912,"href":"https:\/\/tumideoro.ch\/fr\/wp-json\/wp\/v2\/product\/7829\/revisions\/7912"}],"wp:featuredmedia":[{"embeddable":true,"href":"https:\/\/tumideoro.ch\/fr\/wp-json\/wp\/v2\/media\/7660"}],"wp:attachment":[{"href":"https:\/\/tumideoro.ch\/fr\/wp-json\/wp\/v2\/media?parent=7829"}],"wp:term":[{"taxonomy":"product_brand","embeddable":true,"href":"https:\/\/tumideoro.ch\/fr\/wp-json\/wp\/v2\/product_brand?post=7829"},{"taxonomy":"product_cat","embeddable":true,"href":"https:\/\/tumideoro.ch\/fr\/wp-json\/wp\/v2\/product_cat?post=7829"},{"taxonomy":"product_tag","embeddable":true,"href":"https:\/\/tumideoro.ch\/fr\/wp-json\/wp\/v2\/product_tag?post=7829"}],"curies":[{"name":"wp","href":"https:\/\/api.w.org\/{rel}","templated":true}]}}