{"id":7955,"date":"2026-04-19T19:41:00","date_gmt":"2026-04-19T18:41:00","guid":{"rendered":"https:\/\/tumideoro.ch\/?post_type=product&#038;p=7955"},"modified":"2026-04-19T19:41:00","modified_gmt":"2026-04-19T18:41:00","slug":"tuna","status":"publish","type":"product","link":"https:\/\/tumideoro.ch\/en\/product\/tuna\/","title":{"rendered":"TUNA"},"content":{"rendered":"<p>Este fruto lleva siendo comido desde hace muchos a\u00f1os en Latinoam\u00e9rica, es tan popular que le atribuyeron or\u00edgenes mitol\u00f3gicos en muchas culturas. Cuenta con muchos colores, es jugosa y deliciosa.<\/p>","protected":false},"excerpt":{"rendered":"<p>Cuenta con muchos colores, es jugosa y deliciosa.<\/p>","protected":false},"featured_media":6675,"comment_status":"open","ping_status":"closed","template":"","meta":[],"product_brand":[],"product_cat":[283],"product_tag":[340,341,342],"class_list":{"0":"post-7955","1":"product","2":"type-product","3":"status-publish","4":"has-post-thumbnail","6":"product_cat-prodcutos-frescos","7":"product_tag-tuna","8":"product_tag-tuna-roja","9":"product_tag-tuna-verde","11":"first","12":"instock","13":"taxable","14":"shipping-taxable","15":"product-type-simple"},"jetpack_sharing_enabled":true,"_links":{"self":[{"href":"https:\/\/tumideoro.ch\/en\/wp-json\/wp\/v2\/product\/7955","targetHints":{"allow":["GET"]}}],"collection":[{"href":"https:\/\/tumideoro.ch\/en\/wp-json\/wp\/v2\/product"}],"about":[{"href":"https:\/\/tumideoro.ch\/en\/wp-json\/wp\/v2\/types\/product"}],"replies":[{"embeddable":true,"href":"https:\/\/tumideoro.ch\/en\/wp-json\/wp\/v2\/comments?post=7955"}],"version-history":[{"count":1,"href":"https:\/\/tumideoro.ch\/en\/wp-json\/wp\/v2\/product\/7955\/revisions"}],"predecessor-version":[{"id":7956,"href":"https:\/\/tumideoro.ch\/en\/wp-json\/wp\/v2\/product\/7955\/revisions\/7956"}],"wp:featuredmedia":[{"embeddable":true,"href":"https:\/\/tumideoro.ch\/en\/wp-json\/wp\/v2\/media\/6675"}],"wp:attachment":[{"href":"https:\/\/tumideoro.ch\/en\/wp-json\/wp\/v2\/media?parent=7955"}],"wp:term":[{"taxonomy":"product_brand","embeddable":true,"href":"https:\/\/tumideoro.ch\/en\/wp-json\/wp\/v2\/product_brand?post=7955"},{"taxonomy":"product_cat","embeddable":true,"href":"https:\/\/tumideoro.ch\/en\/wp-json\/wp\/v2\/product_cat?post=7955"},{"taxonomy":"product_tag","embeddable":true,"href":"https:\/\/tumideoro.ch\/en\/wp-json\/wp\/v2\/product_tag?post=7955"}],"curies":[{"name":"wp","href":"https:\/\/api.w.org\/{rel}","templated":true}]}}