{"id":7817,"date":"2025-06-11T17:16:03","date_gmt":"2025-06-11T16:16:03","guid":{"rendered":"https:\/\/tumideoro.ch\/?post_type=product&#038;p=7817"},"modified":"2025-06-11T17:16:03","modified_gmt":"2025-06-11T16:16:03","slug":"aji-limo","status":"publish","type":"product","link":"https:\/\/tumideoro.ch\/en\/product\/aji-limo\/","title":{"rendered":"Aj\u00ed Limo"},"content":{"rendered":"<p>El picante m\u00e1s popular de Per\u00fa, es el condimento ideal para salsas, encurtidos y sobre todo para cualquier platillo marino. Su aroma a lim\u00f3n lo hace inconfundible, pero\u00a0lo que resalta es su grado de picor moderado.<\/p>","protected":false},"excerpt":{"rendered":"<p>Es el condimento ideal para salsas, encurtidos y sobre todo para cualquier platillo marino peruano.<\/p>","protected":false},"featured_media":7651,"comment_status":"open","ping_status":"closed","template":"","meta":[],"product_brand":[],"product_cat":[283],"product_tag":[297,296,298,300,299],"class_list":{"0":"post-7817","1":"product","2":"type-product","3":"status-publish","4":"has-post-thumbnail","6":"product_cat-prodcutos-frescos","7":"product_tag-aji-limo","8":"product_tag-ajies-peruanos","9":"product_tag-ceviche","10":"product_tag-picante-peruano","11":"product_tag-salsa-criolla","13":"first","14":"instock","15":"taxable","16":"shipping-taxable","17":"product-type-simple"},"jetpack_sharing_enabled":true,"_links":{"self":[{"href":"https:\/\/tumideoro.ch\/en\/wp-json\/wp\/v2\/product\/7817","targetHints":{"allow":["GET"]}}],"collection":[{"href":"https:\/\/tumideoro.ch\/en\/wp-json\/wp\/v2\/product"}],"about":[{"href":"https:\/\/tumideoro.ch\/en\/wp-json\/wp\/v2\/types\/product"}],"replies":[{"embeddable":true,"href":"https:\/\/tumideoro.ch\/en\/wp-json\/wp\/v2\/comments?post=7817"}],"version-history":[{"count":0,"href":"https:\/\/tumideoro.ch\/en\/wp-json\/wp\/v2\/product\/7817\/revisions"}],"wp:featuredmedia":[{"embeddable":true,"href":"https:\/\/tumideoro.ch\/en\/wp-json\/wp\/v2\/media\/7651"}],"wp:attachment":[{"href":"https:\/\/tumideoro.ch\/en\/wp-json\/wp\/v2\/media?parent=7817"}],"wp:term":[{"taxonomy":"product_brand","embeddable":true,"href":"https:\/\/tumideoro.ch\/en\/wp-json\/wp\/v2\/product_brand?post=7817"},{"taxonomy":"product_cat","embeddable":true,"href":"https:\/\/tumideoro.ch\/en\/wp-json\/wp\/v2\/product_cat?post=7817"},{"taxonomy":"product_tag","embeddable":true,"href":"https:\/\/tumideoro.ch\/en\/wp-json\/wp\/v2\/product_tag?post=7817"}],"curies":[{"name":"wp","href":"https:\/\/api.w.org\/{rel}","templated":true}]}}