{"id":6129,"date":"2023-12-18T13:52:06","date_gmt":"2023-12-18T13:52:06","guid":{"rendered":"https:\/\/tumideoro.ch\/?page_id=6129"},"modified":"2023-12-30T00:11:44","modified_gmt":"2023-12-30T00:11:44","slug":"dulces","status":"publish","type":"page","link":"https:\/\/tumideoro.ch\/en\/productos-envasados\/dulces\/","title":{"rendered":"Dulces"},"content":{"rendered":"<div data-elementor-type=\"wp-page\" data-elementor-id=\"6129\" class=\"elementor elementor-6129\" data-elementor-post-type=\"page\">\n\t\t\t\t\t\t<section class=\"elementor-section elementor-top-section elementor-element elementor-element-7d640f1 elementor-section-boxed elementor-section-height-default elementor-section-height-default\" data-id=\"7d640f1\" data-element_type=\"section\" data-e-type=\"section\">\n\t\t\t\t\t\t<div class=\"elementor-container elementor-column-gap-extended\">\n\t\t\t\t\t<div class=\"elementor-column elementor-col-100 elementor-top-column elementor-element elementor-element-1e2ce89\" data-id=\"1e2ce89\" data-element_type=\"column\" data-e-type=\"column\">\n\t\t\t<div class=\"elementor-widget-wrap\">\n\t\t\t\t\t\t\t<\/div>\n\t\t<\/div>\n\t\t\t\t\t<\/div>\n\t\t<\/section>\n\t\t\t\t<section class=\"elementor-section elementor-top-section elementor-element elementor-element-2d19943 elementor-section-boxed elementor-section-height-default elementor-section-height-default\" data-id=\"2d19943\" data-element_type=\"section\" data-e-type=\"section\">\n\t\t\t\t\t\t<div class=\"elementor-container elementor-column-gap-default\">\n\t\t\t\t\t<div class=\"elementor-column elementor-col-66 elementor-top-column elementor-element elementor-element-e3569df\" data-id=\"e3569df\" data-element_type=\"column\" data-e-type=\"column\">\n\t\t\t<div class=\"elementor-widget-wrap\">\n\t\t\t\t\t\t\t<\/div>\n\t\t<\/div>\n\t\t\t\t<div class=\"elementor-column elementor-col-33 elementor-top-column elementor-element elementor-element-2223bbd\" data-id=\"2223bbd\" data-element_type=\"column\" data-e-type=\"column\">\n\t\t\t<div class=\"elementor-widget-wrap elementor-element-populated\">\n\t\t\t\t\t\t<div class=\"elementor-element elementor-element-9667d98 elementor-widget elementor-widget-spacer\" data-id=\"9667d98\" data-element_type=\"widget\" data-e-type=\"widget\" data-widget_type=\"spacer.default\">\n\t\t\t\t\t\t\t<div class=\"elementor-spacer\">\n\t\t\t<div class=\"elementor-spacer-inner\"><\/div>\n\t\t<\/div>\n\t\t\t\t\t\t<\/div>\n\t\t\t\t\t<\/div>\n\t\t<\/div>\n\t\t\t\t\t<\/div>\n\t\t<\/section>\n\t\t\t\t<section class=\"elementor-section elementor-top-section elementor-element elementor-element-2b5b5683 elementor-section-boxed elementor-section-height-default elementor-section-height-default\" data-id=\"2b5b5683\" data-element_type=\"section\" data-e-type=\"section\">\n\t\t\t\t\t\t<div class=\"elementor-container elementor-column-gap-extended\">\n\t\t\t\t\t<div class=\"elementor-column elementor-col-100 elementor-top-column elementor-element elementor-element-4106b489\" data-id=\"4106b489\" data-element_type=\"column\" data-e-type=\"column\">\n\t\t\t<div class=\"elementor-widget-wrap\">\n\t\t\t\t\t\t\t<\/div>\n\t\t<\/div>\n\t\t\t\t\t<\/div>\n\t\t<\/section>\n\t\t\t\t<\/div>","protected":false},"excerpt":{"rendered":"<p>Algarrobina VER M\u00c1S Sobre de Gelatina VER M\u00c1S Mazamorra Morada VER M\u00c1S 3 Ositos Quinua Avena VER M\u00c1S Sublime VER M\u00c1S Santa Catalina Maca Avena VER M\u00c1S Esencia de Vainilla Negrita VER M\u00c1S Canela VER M\u00c1S Clavo de Olor VER M\u00c1S Chu\u00f1o Universal VER M\u00c1S Sazonadores Complementos Bebidas Dulces Contacto (+41) 76 679 50 22 [&hellip;]<\/p>\n","protected":false},"author":2,"featured_media":0,"parent":6012,"menu_order":0,"comment_status":"closed","ping_status":"closed","template":"","meta":{"footnotes":""},"class_list":["post-6129","page","type-page","status-publish","hentry"],"jetpack_sharing_enabled":true,"_links":{"self":[{"href":"https:\/\/tumideoro.ch\/en\/wp-json\/wp\/v2\/pages\/6129","targetHints":{"allow":["GET"]}}],"collection":[{"href":"https:\/\/tumideoro.ch\/en\/wp-json\/wp\/v2\/pages"}],"about":[{"href":"https:\/\/tumideoro.ch\/en\/wp-json\/wp\/v2\/types\/page"}],"author":[{"embeddable":true,"href":"https:\/\/tumideoro.ch\/en\/wp-json\/wp\/v2\/users\/2"}],"replies":[{"embeddable":true,"href":"https:\/\/tumideoro.ch\/en\/wp-json\/wp\/v2\/comments?post=6129"}],"version-history":[{"count":10,"href":"https:\/\/tumideoro.ch\/en\/wp-json\/wp\/v2\/pages\/6129\/revisions"}],"predecessor-version":[{"id":6891,"href":"https:\/\/tumideoro.ch\/en\/wp-json\/wp\/v2\/pages\/6129\/revisions\/6891"}],"up":[{"embeddable":true,"href":"https:\/\/tumideoro.ch\/en\/wp-json\/wp\/v2\/pages\/6012"}],"wp:attachment":[{"href":"https:\/\/tumideoro.ch\/en\/wp-json\/wp\/v2\/media?parent=6129"}],"curies":[{"name":"wp","href":"https:\/\/api.w.org\/{rel}","templated":true}]}}